{"id":6,"date":"2016-09-21T19:35:26","date_gmt":"2016-09-21T17:35:26","guid":{"rendered":"http:\/\/smectt.com\/?page_id=6"},"modified":"2018-01-23T15:40:44","modified_gmt":"2018-01-23T14:40:44","slug":"stade-messin-etudiants-demenageur-demenagement-visa-chine-visa-inde-visa-vietnam-visa-russie-croisiere-safari-afrique-garde-meubles","status":"publish","type":"page","link":"https:\/\/smectt.com\/","title":{"rendered":"Stade Messin Etudiants"},"content":{"rendered":"<p><img loading=\"lazy\" class=\"alignright size-medium wp-image-14\" src=\"https:\/\/smectt.com\/wp-content\/uploads\/2016\/09\/15-1.jpeg-300x125.jpg\" alt=\"15-1.jpeg\" width=\"300\" height=\"125\" srcset=\"https:\/\/smectt.com\/wp-content\/uploads\/2016\/09\/15-1.jpeg-300x125.jpg 300w, https:\/\/smectt.com\/wp-content\/uploads\/2016\/09\/15-1.jpeg.jpg 347w\" sizes=\"(max-width: 300px) 100vw, 300px\" \/><\/p>\n<p>Le SMEC ou Stade Messin Etudiants Club \u00e9tait un club omnisports qui a \u00e9t\u00e9 fond\u00e9 en 1968 \u00e0 Metz. Il a vu le jour suite \u00e0 la fusion entre le Stade Messin et le P\u00e9dago Etudiants Club de Metz. Le club \u00e9tait compos\u00e9 de plusieurs sections et \u00e9tait plus reconnu en handball et en tennis de table. En 1968, le SMEC est consid\u00e9r\u00e9 comme le Championnat de France par excellence. En 1996, il est champion de France de Nationale 1 F\u00e9d\u00e9rale et vice-champion en 1999 et en 2005. \u00c0 cause des difficult\u00e9s financi\u00e8res, la municipalit\u00e9 d\u00e9cide de fermer le club en 2009. Les sections de SMEC ont \u00e9t\u00e9 rattach\u00e9es \u00e0 d\u2019autres structures, transform\u00e9es en clubs autonomes ou encore arr\u00eat\u00e9es. La section handball passe alors sous le giron du Metz Handball.<\/p>\n<p>&nbsp;<\/p>\n<p>Pour changer de logement en toute s\u00e9r\u00e9nit\u00e9, il est plus sage de bien organiser. Une raison de faire appel \u00e0 des d\u00e9m\u00e9nageur <a href=\"http:\/\/demenageur.com\">demenageur.com<\/a>\u00a0professionnels. Ces derniers prennent en compte de toutes les d\u00e9marches n\u00e9cessaires lors d\u2019un d\u00e9m\u00e9nagement. Pour d\u00e9terminer les cartons de d\u00e9m\u00e9nagement et le v\u00e9hicule de transport, ils \u00e9valuent tous les biens \u00e0 d\u00e9m\u00e9nager. La livraison se fait en toute s\u00e9curit\u00e9 et une fois sur les lieux, les experts se chargent du d\u00e9ballage des biens. En termes de qualit\u00e9, \u00a0propose des prestations satisfaisantes en France qu\u2019\u00e0 l\u2019\u00e9tranger. Elle pr\u00e9sente plusieurs formules de d\u00e9m\u00e9nagement <a href=\"http:\/\/demenageur.com\/demenagement\/\">demenageur.com\/demenagement\/<\/a>\u00a0qui correspondent parfaitement aux besoins et au budget des clients. Et pour un d\u00e9m\u00e9nagement qui suit les normes exig\u00e9es, un devis d\u00e9m\u00e9nagement <a href=\"http:\/\/demenageur.com\/devis-demenagement\/\">demenageur.com\/devis-demenagement\/<\/a>\u00a0est disponible sur le site de \u00a0. L\u2019agence propose \u00e9galement des garde-meubles\u00a0de qualit\u00e9 et de taille variable pour la conservation de tous les biens.<\/p>\n<p>Demenagement Paris : <a href=\"http:\/\/demenageur.com\/demenagement-paris-75\/\">demenageur.com\/demenagement-paris-75\/<\/a><\/p>\n<p>&nbsp;<\/p>\n<p>Assurance vie <a href=\"http:\/\/lassurancevie.fr\">lassurancevie.fr<\/a>\u00a0est un mode d\u2019\u00e9pargne tr\u00e8s courant chez les Fran\u00e7ais, elle apporte de nombreux avantages fiscaux. L\u2019assurance vie consiste \u00e0 verser une somme d\u2019argent pour valoriser son capital et reconstituer son patrimoine. Son contrat peut \u00eatre \u00e0 moyen ou \u00e0 long terme et permet de pr\u00e9parer sa retraite ou r\u00e9aliser un projet. Plusieurs types de placements peuvent se pr\u00e9senter : les placements en euros et les placements en unit\u00e9s de compte. L\u2019assureur peut demander des frais qui sont exprim\u00e9s en pourcentage des montants investis. Ce sont les frais d\u2019entr\u00e9e, les frais d\u2019arbitrage, les frais de dossiers et les frais de gestion. Dans un contrat multisupport, l\u2019assur\u00e9 peut choisir plusieurs modes de gestion qui sont la gestion profil\u00e9e, libre, \u00e0 l\u2019horizon et sous mandat. En cas de d\u00e9c\u00e8s, son capital peut \u00eatre transmis aux b\u00e9n\u00e9ficiaires d\u00e9sign\u00e9s.<\/p>\n<p>&nbsp;<\/p>\n<p>Pour obtenir un visa, il est indispensable de recueillir des informations aupr\u00e8s du service consulaire ou du Consulat de l\u2019Ambassade du pays destinataire. En plus du passeport, les autres pi\u00e8ces n\u00e9cessaires peuvent varier d\u2019un pays \u00e0 un autre et des s\u00e9jours \u00e0 passer. Le visa chine <a href=\"http:\/\/visachine.fr\">visachine.fr<\/a>\u00a0se pr\u00e9sente en diff\u00e9rentes cat\u00e9gories : le visa classique, le visa de transit de 72 heures et le visa de transit de 144 heures. Pour un visa russie\u00a0, une attestation nominative d\u2019assurance maladie et rapatriement doit \u00eatre demand\u00e9e aupr\u00e8s d\u2019une compagnie d\u2019assurance agr\u00e9\u00e9e par les autorit\u00e9s russes. En plus, il faut recevoir un voucher d\u2019un prestataire de services ou d\u2019un h\u00f4te. Un visa est imp\u00e9ratif pour entrer en Inde. Pour le tourisme, il existe deux types de visa inde\u00a0 : le Regular Visa et l\u2019e-Tourist Visa (\u00e0 demander en ligne). Jusqu\u2019au 30 juin 2017, les ressortissants fran\u00e7ais sont exempt\u00e9s de visa vietnam\u00a0pour les s\u00e9jours de moins de 15 jours\/14 nuits.<\/p>\n<p>&nbsp;<\/p>\n<p>Une croisi\u00e8re\u00a0est un voyage qui permet de d\u00e9couvrir de nouveaux horizons \u00e0 travers les oc\u00e9ans. \u00c0 titre r\u00e9cr\u00e9atif et touristique, ce moyen de voyager devient de plus en plus courant avec l\u2019incroyable d\u00e9veloppement des navires de croisi\u00e8re. Ces derniers ont \u00e9t\u00e9 sp\u00e9cialement con\u00e7us pour apporter du confort et du luxe aux passagers. Chaque ann\u00e9e, des millions de voyageurs d\u00e9couvrent plus de 2 000 destinations dans le monde gr\u00e2ce aux milliers de croisi\u00e8res effectu\u00e9es.<\/p>\n<p>Pour trouver les prestataires dont vous avez besoin <a href=\"https:\/\/ledabelle.com\/\">sur ce portail<\/a><\/p>\n<p class=\"p1\">\n","protected":false},"excerpt":{"rendered":"<p>Le SMEC ou Stade Messin Etudiants Club \u00e9tait un club omnisports qui a \u00e9t\u00e9 fond\u00e9 en 1968 \u00e0 Metz. Il a vu le jour suite \u00e0 la fusion entre le Stade Messin et le P\u00e9dago Etudiants Club de Metz. Le club \u00e9tait compos\u00e9 de plusieurs sections et \u00e9tait plus reconnu en handball et en tennis de table. En 1968, le [&hellip;]<\/p>\n","protected":false},"author":1,"featured_media":0,"parent":0,"menu_order":0,"comment_status":"closed","ping_status":"closed","template":"","meta":[],"_links":{"self":[{"href":"https:\/\/smectt.com\/index.php\/wp-json\/wp\/v2\/pages\/6"}],"collection":[{"href":"https:\/\/smectt.com\/index.php\/wp-json\/wp\/v2\/pages"}],"about":[{"href":"https:\/\/smectt.com\/index.php\/wp-json\/wp\/v2\/types\/page"}],"author":[{"embeddable":true,"href":"https:\/\/smectt.com\/index.php\/wp-json\/wp\/v2\/users\/1"}],"replies":[{"embeddable":true,"href":"https:\/\/smectt.com\/index.php\/wp-json\/wp\/v2\/comments?post=6"}],"version-history":[{"count":7,"href":"https:\/\/smectt.com\/index.php\/wp-json\/wp\/v2\/pages\/6\/revisions"}],"predecessor-version":[{"id":19,"href":"https:\/\/smectt.com\/index.php\/wp-json\/wp\/v2\/pages\/6\/revisions\/19"}],"wp:attachment":[{"href":"https:\/\/smectt.com\/index.php\/wp-json\/wp\/v2\/media?parent=6"}],"curies":[{"name":"wp","href":"https:\/\/api.w.org\/{rel}","templated":true}]}}